{"id":1836,"date":"2024-05-09T05:40:53","date_gmt":"2024-05-09T05:40:53","guid":{"rendered":"https:\/\/macizorace.com\/?page_id=1836"},"modified":"2024-06-11T02:50:18","modified_gmt":"2024-06-11T02:50:18","slug":"productos-macizo-race","status":"publish","type":"page","link":"https:\/\/macizorace.com\/?page_id=1836","title":{"rendered":"Productos Macizo Race"},"content":{"rendered":"\t\t<div data-elementor-type=\"wp-page\" data-elementor-id=\"1836\" class=\"elementor elementor-1836\" data-elementor-post-type=\"page\">\n\t\t\t\t<div class=\"elementor-element elementor-element-550db1b e-con-full e-flex e-con e-parent\" data-id=\"550db1b\" data-element_type=\"container\" data-settings=\"{&quot;background_background&quot;:&quot;slideshow&quot;,&quot;background_slideshow_gallery&quot;:[{&quot;id&quot;:1847,&quot;url&quot;:&quot;https:\\\/\\\/macizorace.com\\\/wp-content\\\/uploads\\\/2024\\\/05\\\/121.jpg&quot;},{&quot;id&quot;:1852,&quot;url&quot;:&quot;https:\\\/\\\/macizorace.com\\\/wp-content\\\/uploads\\\/2024\\\/05\\\/121-1.jpg&quot;}],&quot;background_slideshow_lazyload&quot;:&quot;yes&quot;,&quot;background_slideshow_ken_burns&quot;:&quot;yes&quot;,&quot;background_slideshow_loop&quot;:&quot;yes&quot;,&quot;background_slideshow_slide_duration&quot;:5000,&quot;background_slideshow_slide_transition&quot;:&quot;fade&quot;,&quot;background_slideshow_transition_duration&quot;:500,&quot;background_slideshow_ken_burns_zoom_direction&quot;:&quot;in&quot;}\">\n\t\t<div class=\"elementor-element elementor-element-4a9b21b e-flex e-con-boxed e-con e-child\" data-id=\"4a9b21b\" data-element_type=\"container\">\n\t\t\t\t\t<div class=\"e-con-inner\">\n\t\t\t\t\t<\/div>\n\t\t\t\t<\/div>\n\t\t<div class=\"elementor-element elementor-element-e858fea e-flex e-con-boxed e-con e-child\" data-id=\"e858fea\" data-element_type=\"container\">\n\t\t\t\t\t<div class=\"e-con-inner\">\n\t\t\t\t<div class=\"elementor-element elementor-element-39c65e1 elementor-widget elementor-widget-heading\" data-id=\"39c65e1\" data-element_type=\"widget\" data-widget_type=\"heading.default\">\n\t\t\t\t<div class=\"elementor-widget-container\">\n\t\t\t\t\t<h2 class=\"elementor-heading-title elementor-size-default\">Tu inscripci\u00f3n viene con sorpresas<\/h2>\t\t\t\t<\/div>\n\t\t\t\t<\/div>\n\t\t\t\t<div class=\"elementor-element elementor-element-4aa8bdb elementor-widget elementor-widget-image\" data-id=\"4aa8bdb\" data-element_type=\"widget\" data-widget_type=\"image.default\">\n\t\t\t\t<div class=\"elementor-widget-container\">\n\t\t\t\t\t\t\t\t\t\t\t\t\t\t\t<img fetchpriority=\"high\" decoding=\"async\" width=\"890\" height=\"322\" src=\"https:\/\/macizorace.com\/wp-content\/uploads\/2024\/03\/14.png\" class=\"attachment-1536x1536 size-1536x1536 wp-image-809\" alt=\"\" srcset=\"https:\/\/macizorace.com\/wp-content\/uploads\/2024\/03\/14.png 890w, https:\/\/macizorace.com\/wp-content\/uploads\/2024\/03\/14-300x109.png 300w, https:\/\/macizorace.com\/wp-content\/uploads\/2024\/03\/14-768x278.png 768w\" sizes=\"(max-width: 890px) 100vw, 890px\" \/>\t\t\t\t\t\t\t\t\t\t\t\t\t\t\t<\/div>\n\t\t\t\t<\/div>\n\t\t<div class=\"elementor-element elementor-element-5559d3c e-flex e-con-boxed e-con e-child\" data-id=\"5559d3c\" data-element_type=\"container\">\n\t\t\t\t\t<div class=\"e-con-inner\">\n\t\t\t\t\t<\/div>\n\t\t\t\t<\/div>\n\t\t\t\t\t<\/div>\n\t\t\t\t<\/div>\n\t\t\t\t<\/div>\n\t\t<div class=\"elementor-element elementor-element-ad92fc9 e-con-full e-flex e-con e-parent\" data-id=\"ad92fc9\" data-element_type=\"container\" data-settings=\"{&quot;background_background&quot;:&quot;classic&quot;}\">\n\t\t<div class=\"elementor-element elementor-element-2e15f51 e-flex e-con-boxed e-con e-child\" data-id=\"2e15f51\" data-element_type=\"container\">\n\t\t\t\t\t<div class=\"e-con-inner\">\n\t\t\t\t<div class=\"elementor-element elementor-element-577366a eael-dual-header-content-align-center elementor-widget elementor-widget-eael-dual-color-header\" data-id=\"577366a\" data-element_type=\"widget\" data-widget_type=\"eael-dual-color-header.default\">\n\t\t\t\t<div class=\"elementor-widget-container\">\n\t\t\t\t\t\t\t\t<div class=\"eael-dual-header\">\n\t\t\t\t<h2 class=\"title\"><span class=\"lead solid-color\">Inscr\u00edbete y asegura tus<\/span> <span>Productos<\/span><\/h2>\t\t\t\t<span class=\"subtext\"><\/span>\n\t\t\t\t\t\t\t<\/div>\n\n\t\t\t\t\t\t<\/div>\n\t\t\t\t<\/div>\n\t\t\t\t\t<\/div>\n\t\t\t\t<\/div>\n\t\t\t\t<\/div>\n\t\t<div class=\"elementor-element elementor-element-ea01664 e-con-full elementor-hidden-desktop e-flex e-con e-parent\" data-id=\"ea01664\" data-element_type=\"container\" data-settings=\"{&quot;background_background&quot;:&quot;classic&quot;}\">\n\t\t<div class=\"elementor-element elementor-element-a9ed209 e-flex e-con-boxed e-con e-child\" data-id=\"a9ed209\" data-element_type=\"container\">\n\t\t\t\t\t<div class=\"e-con-inner\">\n\t\t<div class=\"elementor-element elementor-element-92f7273 e-flex e-con-boxed e-con e-child\" data-id=\"92f7273\" data-element_type=\"container\">\n\t\t\t\t\t<div class=\"e-con-inner\">\n\t\t\t\t\t<\/div>\n\t\t\t\t<\/div>\n\t\t\t\t<div class=\"elementor-element elementor-element-ea0952e eael-dual-header-content-align-center elementor-widget elementor-widget-eael-dual-color-header\" data-id=\"ea0952e\" data-element_type=\"widget\" data-widget_type=\"eael-dual-color-header.default\">\n\t\t\t\t<div class=\"elementor-widget-container\">\n\t\t\t\t\t\t\t\t<div class=\"eael-dual-header\">\n\t\t\t\t<h2 class=\"title\"><span class=\"lead solid-color\">\u00a1Todo listo para la experiencia <\/span> <span>Macizo Race Bike Marathon!<\/span><\/h2>\t\t\t\t<span class=\"subtext\"><p>\u00a0Descubre los detalles de esta emocionante aventura y ll\u00e9vate contigo un pedacito de nuestra pasi\u00f3n por superar l\u00edmites. <span style=\"font-size: 16px;\">\u00a1\u00danete a la aventura hoy mismo!<\/span><\/p><\/span>\n\t\t\t\t\t\t\t<\/div>\n\n\t\t\t\t\t\t<\/div>\n\t\t\t\t<\/div>\n\t\t\t\t\t<\/div>\n\t\t\t\t<\/div>\n\t\t<div class=\"elementor-element elementor-element-0740a93 e-grid e-con-boxed e-con e-child\" data-id=\"0740a93\" data-element_type=\"container\">\n\t\t\t\t\t<div class=\"e-con-inner\">\n\t\t\t\t<div class=\"elementor-element elementor-element-34d6185 elementor-widget elementor-widget-eael-sticky-video\" data-id=\"34d6185\" data-element_type=\"widget\" data-widget_type=\"eael-sticky-video.default\">\n\t\t\t\t<div class=\"elementor-widget-container\">\n\t\t\t\t\t<div class=\"eael-sticky-video-wrapper eaelsv-overlay-visibility-\"><div class=\"eael-sticky-video-player2\" data-sticky=\"\" data-position=\"\" data-sheight=\"169\" data-swidth=\"300\" data-scroll_height=\"\" data-autoplay=\"yes\" data-overlay=\"no\"><video class=\"eaelsv-player\" id=\"eaelsv-player-34d6185\" playsinline controls data-plyr-config=\"{&quot;autoplay&quot;:1, &quot;muted&quot;:0, &quot;loop&quot;: {&quot;active&quot;: true}}\">\n\t\t\t<source src=\"https:\/\/macizorace.com\/wp-content\/uploads\/2024\/05\/NUMEROS-RENDER.mp4#t=,\" type=\"video\/mp4\" \/>\n\t\t<\/video>\n\t\t\t\t<span class=\"eaelsv-sticky-player-close\"><i class=\"fas fa-times-circle\"><\/i><\/span>\n\t\t\t<\/div>\n\t\t<\/div>\t\t\t\t<\/div>\n\t\t\t\t<\/div>\n\t\t\t\t<div class=\"elementor-element elementor-element-f0a9b26 elementor-widget elementor-widget-eael-sticky-video\" data-id=\"f0a9b26\" data-element_type=\"widget\" data-widget_type=\"eael-sticky-video.default\">\n\t\t\t\t<div class=\"elementor-widget-container\">\n\t\t\t\t\t<div class=\"eael-sticky-video-wrapper eaelsv-overlay-visibility-\"><div class=\"eael-sticky-video-player2\" data-sticky=\"\" data-position=\"\" data-sheight=\"170\" data-swidth=\"303\" data-scroll_height=\"\" data-autoplay=\"yes\" data-overlay=\"no\"><video class=\"eaelsv-player\" id=\"eaelsv-player-f0a9b26\" playsinline controls data-plyr-config=\"{&quot;autoplay&quot;:1, &quot;muted&quot;:0, &quot;loop&quot;: {&quot;active&quot;: true}}\">\n\t\t\t<source src=\"https:\/\/macizorace.com\/wp-content\/uploads\/2024\/04\/00.mp4#t=,\" type=\"video\/mp4\" \/>\n\t\t<\/video>\n\t\t\t\t<span class=\"eaelsv-sticky-player-close\"><i class=\"fas fa-times-circle\"><\/i><\/span>\n\t\t\t<\/div>\n\t\t<\/div>\t\t\t\t<\/div>\n\t\t\t\t<\/div>\n\t\t\t\t\t<\/div>\n\t\t\t\t<\/div>\n\t\t<div class=\"elementor-element elementor-element-65f9af9 e-grid e-con-boxed e-con e-child\" data-id=\"65f9af9\" data-element_type=\"container\">\n\t\t\t\t\t<div class=\"e-con-inner\">\n\t\t\t\t<div class=\"elementor-element elementor-element-828b289 elementor-widget elementor-widget-eael-sticky-video\" data-id=\"828b289\" data-element_type=\"widget\" data-widget_type=\"eael-sticky-video.default\">\n\t\t\t\t<div class=\"elementor-widget-container\">\n\t\t\t\t\t<div class=\"eael-sticky-video-wrapper eaelsv-overlay-visibility-\"><div class=\"eael-sticky-video-player2\" data-sticky=\"\" data-position=\"\" data-sheight=\"233\" data-swidth=\"414\" data-scroll_height=\"\" data-autoplay=\"yes\" data-overlay=\"no\"><video class=\"eaelsv-player\" id=\"eaelsv-player-828b289\" playsinline controls data-plyr-config=\"{&quot;autoplay&quot;:1, &quot;muted&quot;:0, &quot;loop&quot;: {&quot;active&quot;: true}}\">\n\t\t\t<source src=\"https:\/\/macizorace.com\/wp-content\/uploads\/2024\/05\/TERMO-RENDER.mp4#t=,\" type=\"video\/mp4\" \/>\n\t\t<\/video>\n\t\t\t\t<span class=\"eaelsv-sticky-player-close\"><i class=\"fas fa-times-circle\"><\/i><\/span>\n\t\t\t<\/div>\n\t\t<\/div>\t\t\t\t<\/div>\n\t\t\t\t<\/div>\n\t\t<div class=\"elementor-element elementor-element-95eedde e-flex e-con-boxed e-con e-child\" data-id=\"95eedde\" data-element_type=\"container\">\n\t\t\t\t\t<div class=\"e-con-inner\">\n\t\t\t\t<div class=\"elementor-element elementor-element-f830485 elementor-widget elementor-widget-eael-sticky-video\" data-id=\"f830485\" data-element_type=\"widget\" data-widget_type=\"eael-sticky-video.default\">\n\t\t\t\t<div class=\"elementor-widget-container\">\n\t\t\t\t\t<div class=\"eael-sticky-video-wrapper eaelsv-overlay-visibility-\"><div class=\"eael-sticky-video-player2\" data-sticky=\"\" data-position=\"\" data-sheight=\"169\" data-swidth=\"300\" data-scroll_height=\"\" data-autoplay=\"yes\" data-overlay=\"no\"><video class=\"eaelsv-player\" id=\"eaelsv-player-f830485\" playsinline controls data-plyr-config=\"{&quot;autoplay&quot;:1, &quot;muted&quot;:0, &quot;loop&quot;: {&quot;active&quot;: true}}\">\n\t\t\t<source src=\"https:\/\/macizorace.com\/wp-content\/uploads\/2024\/04\/LANYARD.mp4#t=,\" type=\"video\/mp4\" \/>\n\t\t<\/video>\n\t\t\t\t<span class=\"eaelsv-sticky-player-close\"><i class=\"fas fa-times-circle\"><\/i><\/span>\n\t\t\t<\/div>\n\t\t<\/div>\t\t\t\t<\/div>\n\t\t\t\t<\/div>\n\t\t\t\t\t<\/div>\n\t\t\t\t<\/div>\n\t\t\t\t\t<\/div>\n\t\t\t\t<\/div>\n\t\t\t\t<\/div>\n\t\t<div class=\"elementor-element elementor-element-42fee6a e-con-full elementor-hidden-tablet elementor-hidden-mobile e-flex e-con e-parent\" data-id=\"42fee6a\" data-element_type=\"container\" data-settings=\"{&quot;background_background&quot;:&quot;classic&quot;}\">\n\t\t<div class=\"elementor-element elementor-element-0cc12c4 e-flex e-con-boxed e-con e-child\" data-id=\"0cc12c4\" data-element_type=\"container\">\n\t\t\t\t\t<div class=\"e-con-inner\">\n\t\t<div class=\"elementor-element elementor-element-08e9e08 e-flex e-con-boxed e-con e-child\" data-id=\"08e9e08\" data-element_type=\"container\">\n\t\t\t\t\t<div class=\"e-con-inner\">\n\t\t\t\t\t<\/div>\n\t\t\t\t<\/div>\n\t\t\t\t<div class=\"elementor-element elementor-element-65ced4c eael-dual-header-content-align-center elementor-widget elementor-widget-eael-dual-color-header\" data-id=\"65ced4c\" data-element_type=\"widget\" data-widget_type=\"eael-dual-color-header.default\">\n\t\t\t\t<div class=\"elementor-widget-container\">\n\t\t\t\t\t\t\t\t<div class=\"eael-dual-header\">\n\t\t\t\t<h1 class=\"title\"><span class=\"lead solid-color\">\u00a1Todo listo para la experiencia <\/span> <span>Macizo Race  Bike Marathon!<\/span><\/h1>\t\t\t\t<span class=\"subtext\"><p>\u00a0Descubre los detalles de esta emocionante aventura y ll\u00e9vate contigo un pedacito de nuestra pasi\u00f3n por superar l\u00edmites. <span style=\"font-size: 16px;\">\u00a1\u00danete a la aventura hoy mismo!<\/span><\/p><\/span>\n\t\t\t\t\t\t\t<\/div>\n\n\t\t\t\t\t\t<\/div>\n\t\t\t\t<\/div>\n\t\t\t\t\t<\/div>\n\t\t\t\t<\/div>\n\t\t<div class=\"elementor-element elementor-element-635dbe1 e-grid e-con-boxed e-con e-child\" data-id=\"635dbe1\" data-element_type=\"container\">\n\t\t\t\t\t<div class=\"e-con-inner\">\n\t\t\t\t<div class=\"elementor-element elementor-element-8be31b1 elementor-widget elementor-widget-eael-sticky-video\" data-id=\"8be31b1\" data-element_type=\"widget\" data-widget_type=\"eael-sticky-video.default\">\n\t\t\t\t<div class=\"elementor-widget-container\">\n\t\t\t\t\t<div class=\"eael-sticky-video-wrapper eaelsv-overlay-visibility-\"><div class=\"eael-sticky-video-player2\" data-sticky=\"\" data-position=\"\" data-sheight=\"169\" data-swidth=\"300\" data-scroll_height=\"\" data-autoplay=\"yes\" data-overlay=\"no\"><video class=\"eaelsv-player\" id=\"eaelsv-player-8be31b1\" playsinline controls data-plyr-config=\"{&quot;autoplay&quot;:1, &quot;muted&quot;:0, &quot;loop&quot;: {&quot;active&quot;: false}}\">\n\t\t\t<source src=\"https:\/\/macizorace.com\/wp-content\/uploads\/2024\/05\/NUMEROS-RENDER.mp4#t=,\" type=\"video\/mp4\" \/>\n\t\t<\/video>\n\t\t\t\t<span class=\"eaelsv-sticky-player-close\"><i class=\"fas fa-times-circle\"><\/i><\/span>\n\t\t\t<\/div>\n\t\t<\/div>\t\t\t\t<\/div>\n\t\t\t\t<\/div>\n\t\t\t\t<div class=\"elementor-element elementor-element-b20022b elementor-widget elementor-widget-eael-sticky-video\" data-id=\"b20022b\" data-element_type=\"widget\" data-widget_type=\"eael-sticky-video.default\">\n\t\t\t\t<div class=\"elementor-widget-container\">\n\t\t\t\t\t<div class=\"eael-sticky-video-wrapper eaelsv-overlay-visibility-\"><div class=\"eael-sticky-video-player2\" data-sticky=\"\" data-position=\"\" data-sheight=\"170\" data-swidth=\"303\" data-scroll_height=\"\" data-autoplay=\"yes\" data-overlay=\"no\"><video class=\"eaelsv-player\" id=\"eaelsv-player-b20022b\" playsinline controls data-plyr-config=\"{&quot;autoplay&quot;:1, &quot;muted&quot;:0, &quot;loop&quot;: {&quot;active&quot;: true}}\">\n\t\t\t<source src=\"https:\/\/macizorace.com\/wp-content\/uploads\/2024\/04\/00.mp4#t=,\" type=\"video\/mp4\" \/>\n\t\t<\/video>\n\t\t\t\t<span class=\"eaelsv-sticky-player-close\"><i class=\"fas fa-times-circle\"><\/i><\/span>\n\t\t\t<\/div>\n\t\t<\/div>\t\t\t\t<\/div>\n\t\t\t\t<\/div>\n\t\t<div class=\"elementor-element elementor-element-b7bc71a e-flex e-con-boxed e-con e-child\" data-id=\"b7bc71a\" data-element_type=\"container\">\n\t\t\t\t\t<div class=\"e-con-inner\">\n\t\t\t\t<div class=\"elementor-element elementor-element-f879130 elementor-widget elementor-widget-eael-sticky-video\" data-id=\"f879130\" data-element_type=\"widget\" data-widget_type=\"eael-sticky-video.default\">\n\t\t\t\t<div class=\"elementor-widget-container\">\n\t\t\t\t\t<div class=\"eael-sticky-video-wrapper eaelsv-overlay-visibility-\"><div class=\"eael-sticky-video-player2\" data-sticky=\"\" data-position=\"\" data-sheight=\"169\" data-swidth=\"300\" data-scroll_height=\"\" data-autoplay=\"yes\" data-overlay=\"no\"><video class=\"eaelsv-player\" id=\"eaelsv-player-f879130\" playsinline controls data-plyr-config=\"{&quot;autoplay&quot;:1, &quot;muted&quot;:0, &quot;loop&quot;: {&quot;active&quot;: true}}\">\n\t\t\t<source src=\"https:\/\/macizorace.com\/wp-content\/uploads\/2024\/04\/LANYARD.mp4#t=,\" type=\"video\/mp4\" \/>\n\t\t<\/video>\n\t\t\t\t<span class=\"eaelsv-sticky-player-close\"><i class=\"fas fa-times-circle\"><\/i><\/span>\n\t\t\t<\/div>\n\t\t<\/div>\t\t\t\t<\/div>\n\t\t\t\t<\/div>\n\t\t\t\t\t<\/div>\n\t\t\t\t<\/div>\n\t\t\t\t\t<\/div>\n\t\t\t\t<\/div>\n\t\t<div class=\"elementor-element elementor-element-8a11f2d e-grid e-con-boxed e-con e-child\" data-id=\"8a11f2d\" data-element_type=\"container\">\n\t\t\t\t\t<div class=\"e-con-inner\">\n\t\t\t\t<div class=\"elementor-element elementor-element-101d779 elementor-widget elementor-widget-eael-sticky-video\" data-id=\"101d779\" data-element_type=\"widget\" data-widget_type=\"eael-sticky-video.default\">\n\t\t\t\t<div class=\"elementor-widget-container\">\n\t\t\t\t\t<div class=\"eael-sticky-video-wrapper eaelsv-overlay-visibility-\"><div class=\"eael-sticky-video-player2\" data-sticky=\"\" data-position=\"\" data-sheight=\"233\" data-swidth=\"414\" data-scroll_height=\"\" data-autoplay=\"yes\" data-overlay=\"no\"><video class=\"eaelsv-player\" id=\"eaelsv-player-101d779\" playsinline controls data-plyr-config=\"{&quot;autoplay&quot;:1, &quot;muted&quot;:0, &quot;loop&quot;: {&quot;active&quot;: true}}\">\n\t\t\t<source src=\"https:\/\/macizorace.com\/wp-content\/uploads\/2024\/05\/TERMO-RENDER.mp4#t=,\" type=\"video\/mp4\" \/>\n\t\t<\/video>\n\t\t\t\t<span class=\"eaelsv-sticky-player-close\"><i class=\"fas fa-times-circle\"><\/i><\/span>\n\t\t\t<\/div>\n\t\t<\/div>\t\t\t\t<\/div>\n\t\t\t\t<\/div>\n\t\t<div class=\"elementor-element elementor-element-83fb7e3 e-flex e-con-boxed e-con e-child\" data-id=\"83fb7e3\" data-element_type=\"container\" data-settings=\"{&quot;background_background&quot;:&quot;classic&quot;}\">\n\t\t\t\t\t<div class=\"e-con-inner\">\n\t\t\t\t<div class=\"elementor-element elementor-element-abc7907 elementor-widget elementor-widget-spacer\" data-id=\"abc7907\" data-element_type=\"widget\" data-widget_type=\"spacer.default\">\n\t\t\t\t<div class=\"elementor-widget-container\">\n\t\t\t\t\t\t\t<div class=\"elementor-spacer\">\n\t\t\t<div class=\"elementor-spacer-inner\"><\/div>\n\t\t<\/div>\n\t\t\t\t\t\t<\/div>\n\t\t\t\t<\/div>\n\t\t\t\t<div class=\"elementor-element elementor-element-cf6073c elementor-widget elementor-widget-image\" data-id=\"cf6073c\" data-element_type=\"widget\" data-widget_type=\"image.default\">\n\t\t\t\t<div class=\"elementor-widget-container\">\n\t\t\t\t\t\t\t\t\t\t\t\t\t\t\t<img decoding=\"async\" width=\"300\" height=\"224\" src=\"https:\/\/macizorace.com\/wp-content\/uploads\/2024\/05\/478-300x224.png\" class=\"attachment-medium size-medium wp-image-1927\" alt=\"\" srcset=\"https:\/\/macizorace.com\/wp-content\/uploads\/2024\/05\/478-300x224.png 300w, https:\/\/macizorace.com\/wp-content\/uploads\/2024\/05\/478-768x573.png 768w, https:\/\/macizorace.com\/wp-content\/uploads\/2024\/05\/478.png 885w\" sizes=\"(max-width: 300px) 100vw, 300px\" \/>\t\t\t\t\t\t\t\t\t\t\t\t\t\t\t<\/div>\n\t\t\t\t<\/div>\n\t\t\t\t\t<\/div>\n\t\t\t\t<\/div>\n\t\t\t\t\t<\/div>\n\t\t\t\t<\/div>\n\t\t\t\t<\/div>\n\t\t<div class=\"elementor-element elementor-element-e99a88c e-flex e-con-boxed e-con e-parent\" data-id=\"e99a88c\" data-element_type=\"container\">\n\t\t\t\t\t<div class=\"e-con-inner\">\n\t\t\t\t\t<\/div>\n\t\t\t\t<\/div>\n\t\t\t\t<\/div>\n\t\t","protected":false},"excerpt":{"rendered":"<p>Tu inscripci\u00f3n viene con sorpresas Inscr\u00edbete y asegura tus Productos \u00a1Todo listo para la experiencia Macizo Race Bike Marathon! \u00a0Descubre [&hellip;]<\/p>\n","protected":false},"author":1,"featured_media":0,"parent":0,"menu_order":2,"comment_status":"closed","ping_status":"closed","template":"","meta":{"_eb_attr":"","site-sidebar-layout":"no-sidebar","site-content-layout":"","ast-site-content-layout":"full-width-container","site-content-style":"default","site-sidebar-style":"default","ast-global-header-display":"","ast-banner-title-visibility":"","ast-main-header-display":"","ast-hfb-above-header-display":"","ast-hfb-below-header-display":"","ast-hfb-mobile-header-display":"","site-post-title":"disabled","ast-breadcrumbs-content":"","ast-featured-img":"disabled","footer-sml-layout":"","theme-transparent-header-meta":"","adv-header-id-meta":"","stick-header-meta":"","header-above-stick-meta":"","header-main-stick-meta":"","header-below-stick-meta":"","astra-migrate-meta-layouts":"default","ast-page-background-enabled":"default","ast-page-background-meta":{"desktop":{"background-color":"var(--ast-global-color-4)","background-image":"","background-repeat":"repeat","background-position":"center center","background-size":"auto","background-attachment":"scroll","background-type":"","background-media":"","overlay-type":"","overlay-color":"","overlay-gradient":""},"tablet":{"background-color":"","background-image":"","background-repeat":"repeat","background-position":"center center","background-size":"auto","background-attachment":"scroll","background-type":"","background-media":"","overlay-type":"","overlay-color":"","overlay-gradient":""},"mobile":{"background-color":"","background-image":"","background-repeat":"repeat","background-position":"center center","background-size":"auto","background-attachment":"scroll","background-type":"","background-media":"","overlay-type":"","overlay-color":"","overlay-gradient":""}},"ast-content-background-meta":{"desktop":{"background-color":"var(--ast-global-color-5)","background-image":"","background-repeat":"repeat","background-position":"center center","background-size":"auto","background-attachment":"scroll","background-type":"","background-media":"","overlay-type":"","overlay-color":"","overlay-gradient":""},"tablet":{"background-color":"var(--ast-global-color-5)","background-image":"","background-repeat":"repeat","background-position":"center center","background-size":"auto","background-attachment":"scroll","background-type":"","background-media":"","overlay-type":"","overlay-color":"","overlay-gradient":""},"mobile":{"background-color":"var(--ast-global-color-5)","background-image":"","background-repeat":"repeat","background-position":"center center","background-size":"auto","background-attachment":"scroll","background-type":"","background-media":"","overlay-type":"","overlay-color":"","overlay-gradient":""}},"footnotes":""},"class_list":["post-1836","page","type-page","status-publish","hentry"],"_links":{"self":[{"href":"https:\/\/macizorace.com\/index.php?rest_route=\/wp\/v2\/pages\/1836","targetHints":{"allow":["GET"]}}],"collection":[{"href":"https:\/\/macizorace.com\/index.php?rest_route=\/wp\/v2\/pages"}],"about":[{"href":"https:\/\/macizorace.com\/index.php?rest_route=\/wp\/v2\/types\/page"}],"author":[{"embeddable":true,"href":"https:\/\/macizorace.com\/index.php?rest_route=\/wp\/v2\/users\/1"}],"replies":[{"embeddable":true,"href":"https:\/\/macizorace.com\/index.php?rest_route=%2Fwp%2Fv2%2Fcomments&post=1836"}],"version-history":[{"count":88,"href":"https:\/\/macizorace.com\/index.php?rest_route=\/wp\/v2\/pages\/1836\/revisions"}],"predecessor-version":[{"id":2331,"href":"https:\/\/macizorace.com\/index.php?rest_route=\/wp\/v2\/pages\/1836\/revisions\/2331"}],"wp:attachment":[{"href":"https:\/\/macizorace.com\/index.php?rest_route=%2Fwp%2Fv2%2Fmedia&parent=1836"}],"curies":[{"name":"wp","href":"https:\/\/api.w.org\/{rel}","templated":true}]}}